{"id":10249,"date":"2024-03-13T00:29:20","date_gmt":"2024-03-13T00:29:20","guid":{"rendered":"https:\/\/roadgenius.com\/new-york\/"},"modified":"2024-08-08T22:28:01","modified_gmt":"2024-08-08T22:28:01","slug":"new-york","status":"publish","type":"page","link":"https:\/\/roadgenius.com\/de\/statistics\/tourism\/usa\/new-york\/","title":{"rendered":"New Yorker Tourismusstatistik"},"content":{"rendered":"\n<p><em>Seite zuletzt aktualisiert: 12. Juni 2024<\/em><\/p>\n\n\n\n<p><strong>New York<\/strong>, bekannt als &#8222;<strong>The City That Never Sleeps<\/strong>&#8220; und &#8222;<strong>The Big Apple<\/strong>&#8222;, zieht mit seiner pulsierenden Kultur, seinen historischen Sehensw\u00fcrdigkeiten und seinem pulsierenden Stadtleben jedes Jahr Millionen von Besuchern an.<\/p>\n\n\n\n<div style=\"height:10px\" aria-hidden=\"true\" class=\"wp-block-spacer\"><\/div>\n\n\n\n<div id=\"ez-toc-container\" class=\"ez-toc-v2_0_65 counter-hierarchy ez-toc-counter ez-toc-grey ez-toc-container-direction\">\n<div class=\"ez-toc-title-container\">\n<p class=\"ez-toc-title \" >Overview<\/p>\n<span class=\"ez-toc-title-toggle\"><a href=\"#\" class=\"ez-toc-pull-right ez-toc-btn ez-toc-btn-xs ez-toc-btn-default ez-toc-toggle\" aria-label=\"Toggle Table of Content\"><span class=\"ez-toc-js-icon-con\"><span class=\"\"><span class=\"eztoc-hide\" style=\"display:none;\">Toggle<\/span><span class=\"ez-toc-icon-toggle-span\"><svg style=\"fill: #999;color:#999\" xmlns=\"http:\/\/www.w3.org\/2000\/svg\" class=\"list-377408\" width=\"20px\" height=\"20px\" viewBox=\"0 0 24 24\" fill=\"none\"><path d=\"M6 6H4v2h2V6zm14 0H8v2h12V6zM4 11h2v2H4v-2zm16 0H8v2h12v-2zM4 16h2v2H4v-2zm16 0H8v2h12v-2z\" fill=\"currentColor\"><\/path><\/svg><svg style=\"fill: #999;color:#999\" class=\"arrow-unsorted-368013\" xmlns=\"http:\/\/www.w3.org\/2000\/svg\" width=\"10px\" height=\"10px\" viewBox=\"0 0 24 24\" version=\"1.2\" baseProfile=\"tiny\"><path d=\"M18.2 9.3l-6.2-6.3-6.2 6.3c-.2.2-.3.4-.3.7s.1.5.3.7c.2.2.4.3.7.3h11c.3 0 .5-.1.7-.3.2-.2.3-.5.3-.7s-.1-.5-.3-.7zM5.8 14.7l6.2 6.3 6.2-6.3c.2-.2.3-.5.3-.7s-.1-.5-.3-.7c-.2-.2-.4-.3-.7-.3h-11c-.3 0-.5.1-.7.3-.2.2-.3.5-.3.7s.1.5.3.7z\"\/><\/svg><\/span><\/span><\/span><\/a><\/span><\/div>\n<nav><ul class='ez-toc-list ez-toc-list-level-1 ' ><li class='ez-toc-page-1 ez-toc-heading-level-3'><a class=\"ez-toc-link ez-toc-heading-1\" href=\"https:\/\/roadgenius.com\/de\/statistics\/tourism\/usa\/new-york\/#Wie_viele_Menschen_besuchen_New_York_jedes_Jahr\" title=\"Wie viele Menschen besuchen New York jedes Jahr?\">Wie viele Menschen besuchen New York jedes Jahr?<\/a><\/li><li class='ez-toc-page-1 ez-toc-heading-level-3'><a class=\"ez-toc-link ez-toc-heading-2\" href=\"https:\/\/roadgenius.com\/de\/statistics\/tourism\/usa\/new-york\/#Wie_viel_geben_die_Besucher_jedes_Jahr_in_New_York_aus\" title=\"Wie viel geben die Besucher jedes Jahr in New York aus?\">Wie viel geben die Besucher jedes Jahr in New York aus?<\/a><\/li><li class='ez-toc-page-1 ez-toc-heading-level-3'><a class=\"ez-toc-link ez-toc-heading-3\" href=\"https:\/\/roadgenius.com\/de\/statistics\/tourism\/usa\/new-york\/#Woher_kommen_die_Besucher_in_New_York\" title=\"Woher kommen die Besucher in New York?\">Woher kommen die Besucher in New York?<\/a><\/li><li class='ez-toc-page-1 ez-toc-heading-level-3'><a class=\"ez-toc-link ez-toc-heading-4\" href=\"https:\/\/roadgenius.com\/de\/statistics\/tourism\/usa\/new-york\/#Wie_viele_Menschen_besuchten_New_York_im_Jahr_2022\" title=\"Wie viele Menschen besuchten New York im Jahr 2022?\">Wie viele Menschen besuchten New York im Jahr 2022?<\/a><\/li><li class='ez-toc-page-1 ez-toc-heading-level-3'><a class=\"ez-toc-link ez-toc-heading-5\" href=\"https:\/\/roadgenius.com\/de\/statistics\/tourism\/usa\/new-york\/#Wie_viel_gaben_Touristen_im_Jahr_2022_in_New_York_aus\" title=\"Wie viel gaben Touristen im Jahr 2022 in New York aus?\">Wie viel gaben Touristen im Jahr 2022 in New York aus?<\/a><\/li><li class='ez-toc-page-1 ez-toc-heading-level-3'><a class=\"ez-toc-link ez-toc-heading-6\" href=\"https:\/\/roadgenius.com\/de\/statistics\/tourism\/usa\/new-york\/#Auswirkungen_der_Coronavirus%E2%80%91Pandemie_%E2%80%91_New_Yorker_Tourismusstatistiken_2020_2021\" title=\"Auswirkungen\u00a0der\u00a0Coronavirus\u2011Pandemie\u00a0\u2011\u00a0New\u00a0Yorker\u00a0Tourismusstatistiken\u00a02020\u00a0&amp;\u00a02021\">Auswirkungen\u00a0der\u00a0Coronavirus\u2011Pandemie\u00a0\u2011\u00a0New\u00a0Yorker\u00a0Tourismusstatistiken\u00a02020\u00a0&amp;\u00a02021<\/a><\/li><li class='ez-toc-page-1 ez-toc-heading-level-3'><a class=\"ez-toc-link ez-toc-heading-7\" href=\"https:\/\/roadgenius.com\/de\/statistics\/tourism\/usa\/new-york\/#Wann_ist_die_beste_Zeit_fuer_einen_Besuch_in_New_York\" title=\"Wann ist die beste Zeit f\u00fcr einen Besuch in New York?\">Wann ist die beste Zeit f\u00fcr einen Besuch in New York?<\/a><\/li><li class='ez-toc-page-1 ez-toc-heading-level-3'><a class=\"ez-toc-link ez-toc-heading-8\" href=\"https:\/\/roadgenius.com\/de\/statistics\/tourism\/usa\/new-york\/#Wie_lange_bleiben_die_Menschen_in_New_York\" title=\"Wie lange bleiben die Menschen in New York?\">Wie lange bleiben die Menschen in New York?<\/a><\/li><li class='ez-toc-page-1 ez-toc-heading-level-3'><a class=\"ez-toc-link ez-toc-heading-9\" href=\"https:\/\/roadgenius.com\/de\/statistics\/tourism\/usa\/new-york\/#Wie_beliebt_ist_New_York_als_Reiseziel\" title=\"Wie beliebt ist New York als Reiseziel?\">Wie beliebt ist New York als Reiseziel?<\/a><\/li><li class='ez-toc-page-1 ez-toc-heading-level-3'><a class=\"ez-toc-link ez-toc-heading-10\" href=\"https:\/\/roadgenius.com\/de\/statistics\/tourism\/usa\/new-york\/#Top-Attraktionen_in_New_York\" title=\"Top-Attraktionen in New York\">Top-Attraktionen in New York<\/a><\/li><\/ul><\/nav><\/div>\n<h3 class=\"wp-block-heading\"><span class=\"ez-toc-section\" id=\"Wie_viele_Menschen_besuchen_New_York_jedes_Jahr\"><\/span><strong>Wie viele Menschen besuchen New York jedes Jahr?<\/strong><span class=\"ez-toc-section-end\"><\/span><\/h3>\n\n\n\n<ul class=\"wp-block-list\">\n<li>In den Jahren 2018 und 2019 begr\u00fc\u00dfte New York <strong>13,6 Millionen<\/strong> bzw. <strong>13,5 Millionen<\/strong> Besucher. Als jedoch die weltweite Pandemie einsetzte, verzeichnete New York einen starken R\u00fcckgang auf <strong>2,4 Millionen<\/strong>.<sup data-fn=\"f0347ee1-f86f-4afb-af14-87c29e6f0007\" class=\"fn\"><a href=\"#f0347ee1-f86f-4afb-af14-87c29e6f0007\" id=\"f0347ee1-f86f-4afb-af14-87c29e6f0007-link\">1<\/a><\/sup><\/li>\n<\/ul>\n\n\n\n<ul class=\"wp-block-list\">\n<li>Ab 2021 stiegen die Besucherzahlen wieder an und erreichten <strong>2,7 Millionen<\/strong>, um dann 2022 auf <strong>9,4 Millionen<\/strong> und 2023 weiter auf <strong>10,8 Millionen<\/strong> zu steigen.<\/li>\n<\/ul>\n\n\n\n<div style=\"height:10px\" aria-hidden=\"true\" class=\"wp-block-spacer\"><\/div>\n\n\n\n<figure class=\"wp-block-image size-large\"><img decoding=\"async\" width=\"1024\" height=\"561\" src=\"https:\/\/roadgenius.com\/wp-content\/uploads\/2024\/07\/us-new-york-eingehende-besucher-jahrlich-1024x561.jpg\" alt=\"us-new-york-eingehende-besucher-j\u00e4hrlich\" class=\"wp-image-10479\" srcset=\"https:\/\/roadgenius.com\/wp-content\/uploads\/2024\/07\/us-new-york-eingehende-besucher-jahrlich-1024x561.jpg 1024w, https:\/\/roadgenius.com\/wp-content\/uploads\/2024\/07\/us-new-york-eingehende-besucher-jahrlich-300x164.jpg 300w, https:\/\/roadgenius.com\/wp-content\/uploads\/2024\/07\/us-new-york-eingehende-besucher-jahrlich-768x421.jpg 768w, https:\/\/roadgenius.com\/wp-content\/uploads\/2024\/07\/us-new-york-eingehende-besucher-jahrlich-1536x842.jpg 1536w, https:\/\/roadgenius.com\/wp-content\/uploads\/2024\/07\/us-new-york-eingehende-besucher-jahrlich.jpg 1920w\" sizes=\"(max-width: 1024px) 100vw, 1024px\" \/><\/figure>\n\n\n\n<div style=\"height:10px\" aria-hidden=\"true\" class=\"wp-block-spacer\"><\/div>\n\n\n\n<h3 class=\"wp-block-heading\"><span class=\"ez-toc-section\" id=\"Wie_viel_geben_die_Besucher_jedes_Jahr_in_New_York_aus\"><\/span><strong>Wie viel geben die Besucher jedes Jahr in New York aus?<\/strong><span class=\"ez-toc-section-end\"><\/span><\/h3>\n\n\n\n<ul class=\"wp-block-list\">\n<li>Die Besucher gaben 2019 in New York \u00fcber <strong>73,6 Milliarden Dollar<\/strong> aus. Im Jahr 2020, als weniger Besucher kamen, sanken die Ausgaben auf <strong>33,9 Milliarden Dollar<\/strong>.<\/li>\n<\/ul>\n\n\n\n<ul class=\"wp-block-list\">\n<li>Im Jahr 2021 war ein sprunghafter Anstieg zu verzeichnen: Trotz relativ geringer Besucherzahlen gaben die Besucher \u00fcber <strong>52 Milliarden Dollar<\/strong> aus.<\/li>\n<\/ul>\n\n\n\n<ul class=\"wp-block-list\">\n<li>In den folgenden Jahren 2022 und 2023 war ein deutlicher Aufschwung zu verzeichnen, und die Ausgaben erreichten <strong>78,7<\/strong> bzw. <strong>101,3 Milliarden Dollar<\/strong>.<sup data-fn=\"3cd61d6b-2873-4762-84ec-49293cdcfd10\" class=\"fn\"><a href=\"#3cd61d6b-2873-4762-84ec-49293cdcfd10\" id=\"3cd61d6b-2873-4762-84ec-49293cdcfd10-link\">2<\/a><\/sup><\/li>\n<\/ul>\n\n\n\n<div style=\"height:10px\" aria-hidden=\"true\" class=\"wp-block-spacer\"><\/div>\n\n\n\n<figure class=\"wp-block-image size-large is-style-default\"><img decoding=\"async\" width=\"1024\" height=\"561\" src=\"https:\/\/roadgenius.com\/wp-content\/uploads\/2024\/07\/us-new-york-eingehende-besucher-ausgaben-jahrlich-1024x561.jpg\" alt=\"us-new-york-eingehende-besucher-ausgaben-j\u00e4hrlich\" class=\"wp-image-10474\" srcset=\"https:\/\/roadgenius.com\/wp-content\/uploads\/2024\/07\/us-new-york-eingehende-besucher-ausgaben-jahrlich-1024x561.jpg 1024w, https:\/\/roadgenius.com\/wp-content\/uploads\/2024\/07\/us-new-york-eingehende-besucher-ausgaben-jahrlich-300x164.jpg 300w, https:\/\/roadgenius.com\/wp-content\/uploads\/2024\/07\/us-new-york-eingehende-besucher-ausgaben-jahrlich-768x421.jpg 768w, https:\/\/roadgenius.com\/wp-content\/uploads\/2024\/07\/us-new-york-eingehende-besucher-ausgaben-jahrlich-1536x842.jpg 1536w, https:\/\/roadgenius.com\/wp-content\/uploads\/2024\/07\/us-new-york-eingehende-besucher-ausgaben-jahrlich.jpg 1920w\" sizes=\"(max-width: 1024px) 100vw, 1024px\" \/><\/figure>\n\n\n\n<div style=\"height:10px\" aria-hidden=\"true\" class=\"wp-block-spacer\"><\/div>\n\n\n\n<h3 class=\"wp-block-heading\"><span class=\"ez-toc-section\" id=\"Woher_kommen_die_Besucher_in_New_York\"><\/span><strong>Woher kommen die Besucher in New York?<\/strong><span class=\"ez-toc-section-end\"><\/span><\/h3>\n\n\n\n<ul class=\"wp-block-list\">\n<li>Im Jahr 2023 ist das Vereinigte K\u00f6nigreich mit \u00fcber <strong>974.000<\/strong> britischen Reisenden immer noch die wichtigste Quelle f\u00fcr internationale Besucher in New York, dicht gefolgt von Kanada (<strong>864.000<\/strong>), Frankreich (<strong>728.000<\/strong>), Brasilien (<strong>589.000<\/strong>) und Deutschland (<strong>554.000<\/strong>).<sup><a href=\"#references\" data-type=\"internal\" data-id=\"#references\">1<\/a><\/sup><\/li>\n<\/ul>\n\n\n\n<div style=\"height:10px\" aria-hidden=\"true\" class=\"wp-block-spacer\"><\/div>\n\n\n\n<h3 class=\"wp-block-heading\"><span class=\"ez-toc-section\" id=\"Wie_viele_Menschen_besuchten_New_York_im_Jahr_2022\"><\/span><strong><strong>Wie viele Menschen besuchten New York im Jahr 2022?<\/strong><\/strong><span class=\"ez-toc-section-end\"><\/span><\/h3>\n\n\n\n<ul class=\"wp-block-list\">\n<li>Im Jahr 2022 besuchten <strong>9,4 Millionen<\/strong> Touristen New York. Dies war ein Anstieg von <strong>248 %<\/strong> im Vergleich zu den Vorjahren, was auf eine deutliche Erholung hindeutet, aber immer noch unter dem Niveau vor der Pandemie von <strong>13,5 Millionen<\/strong> liegt.<\/li>\n<\/ul>\n\n\n\n<div style=\"height:10px\" aria-hidden=\"true\" class=\"wp-block-spacer\"><\/div>\n\n\n\n<h3 class=\"wp-block-heading\"><span class=\"ez-toc-section\" id=\"Wie_viel_gaben_Touristen_im_Jahr_2022_in_New_York_aus\"><\/span><strong>Wie viel gaben Touristen im Jahr 2022 in New York aus?<\/strong><span class=\"ez-toc-section-end\"><\/span><\/h3>\n\n\n\n<ul class=\"wp-block-list\">\n<li>Besucher gaben 2022 in New York <strong>78,7 Milliarden Dollar<\/strong> aus. Dies war ein Anstieg von <strong>51 %<\/strong> gegen\u00fcber 2021 und entsprach in etwa dem Niveau der Besucherausgaben vor der Pandemie.<\/li>\n<\/ul>\n\n\n\n<div style=\"height:10px\" aria-hidden=\"true\" class=\"wp-block-spacer\"><\/div>\n\n\n\n<h3 class=\"wp-block-heading\"><span class=\"ez-toc-section\" id=\"Auswirkungen_der_Coronavirus%E2%80%91Pandemie_%E2%80%91_New_Yorker_Tourismusstatistiken_2020_2021\"><\/span><strong>Auswirkungen\u00a0der\u00a0Coronavirus\u2011Pandemie\u00a0\u2011\u00a0New\u00a0Yorker\u00a0Tourismusstatistiken\u00a02020\u00a0&amp;\u00a02021<\/strong><span class=\"ez-toc-section-end\"><\/span><\/h3>\n\n\n\n<ul class=\"wp-block-list\">\n<li>Im Jahr 2020 sank die Zahl der Besucher von <strong>13,5 Millionen<\/strong> auf <strong>2,4 Millionen<\/strong>, was einem R\u00fcckgang von etwa <strong>82 %<\/strong> entspricht. Der R\u00fcckgang der Ausgaben war ebenfalls betr\u00e4chtlich: von <strong>73,6 Milliarden Dollar<\/strong> auf <strong>33,9 Milliarden Dollar<\/strong>, was einem R\u00fcckgang von ca. <strong>54 %<\/strong> entspricht.<\/li>\n<\/ul>\n\n\n\n<ul class=\"wp-block-list\">\n<li>Im Jahr 2021 gab es einen leichten Anstieg mit <strong>2,7 Millionen<\/strong> Besuchern und Ausgaben von <strong>52 Milliarden Dollar<\/strong>.<\/li>\n<\/ul>\n\n\n\n<div style=\"height:10px\" aria-hidden=\"true\" class=\"wp-block-spacer\"><\/div>\n\n\n\n<h3 class=\"wp-block-heading\"><span class=\"ez-toc-section\" id=\"Wann_ist_die_beste_Zeit_fuer_einen_Besuch_in_New_York\"><\/span><strong>Wann ist die beste Zeit f\u00fcr einen Besuch in New York?<\/strong><span class=\"ez-toc-section-end\"><\/span><\/h3>\n\n\n\n<ul class=\"wp-block-list\">\n<li>Die beste Zeit f\u00fcr einen Besuch in New York ist Mai bis Juni und September bis Oktober, wenn das Wetter gut ist. In diesen Monaten ist das Wetter stabil, warm und regenarm.<\/li>\n<\/ul>\n\n\n\n<ul class=\"wp-block-list\">\n<li>Die g\u00fcnstigste Zeit f\u00fcr einen Besuch in New York ist jedoch von Anfang Januar bis Anfang M\u00e4rz. Dieser Zeitraum bietet die beste Kombination aus niedrigen Preisen f\u00fcr Fl\u00fcge, Hotels und Broadway-Shows.<\/li>\n<\/ul>\n\n\n\n<div style=\"height:10px\" aria-hidden=\"true\" class=\"wp-block-spacer\"><\/div>\n\n\n\n<h3 class=\"wp-block-heading\"><span class=\"ez-toc-section\" id=\"Wie_lange_bleiben_die_Menschen_in_New_York\"><\/span><strong>Wie lange bleiben die Menschen in New York?<\/strong><span class=\"ez-toc-section-end\"><\/span><\/h3>\n\n\n\n<ul class=\"wp-block-list\">\n<li>Ein Mindestaufenthalt von <strong>3 Tagen<\/strong> und <strong>2 N\u00e4chten<\/strong> ist erforderlich, um die wichtigsten Attraktionen New Yorks, darunter die Freiheitsstatue, das Empire State Building und den Central Park, in vollem Umfang zu erleben, so der Konsens unter den Reisenden.<sup data-fn=\"2cf5e337-c1fc-4323-910f-6e71c36e67b2\" class=\"fn\"><a href=\"#2cf5e337-c1fc-4323-910f-6e71c36e67b2\" id=\"2cf5e337-c1fc-4323-910f-6e71c36e67b2-link\">3<\/a><\/sup><\/li>\n<\/ul>\n\n\n\n<div style=\"height:10px\" aria-hidden=\"true\" class=\"wp-block-spacer\"><\/div>\n\n\n\n<h3 class=\"wp-block-heading\"><span class=\"ez-toc-section\" id=\"Wie_beliebt_ist_New_York_als_Reiseziel\"><\/span><strong>Wie beliebt ist New York als Reiseziel?<\/strong><span class=\"ez-toc-section-end\"><\/span><\/h3>\n\n\n\n<ul class=\"wp-block-list\">\n<li>New York City steht auf Platz <strong>1<\/strong> der beliebtesten Reiseziele in den Vereinigten Staaten und auf Platz <strong>25<\/strong> in der Welt. Es ist das einzige US-amerikanische Reiseziel, das einen globalen Preis gewonnen hat, was seine weltweite Anziehungskraft und Bedeutung als eine Stadt unterstreicht, die man als Reisender unbedingt gesehen haben muss.<sup data-fn=\"56a88995-78eb-40a6-a014-84d23d588099\" class=\"fn\"><a href=\"#56a88995-78eb-40a6-a014-84d23d588099\" id=\"56a88995-78eb-40a6-a014-84d23d588099-link\">4<\/a><\/sup><\/li>\n<\/ul>\n\n\n\n<div style=\"height:10px\" aria-hidden=\"true\" class=\"wp-block-spacer\"><\/div>\n\n\n\n<h3 class=\"wp-block-heading\"><strong>USA Reiseinformationen<\/strong><\/h3>\n\n\n\n<ul class=\"wp-block-list\">\n<li><a href=\"https:\/\/roadgenius.com\/de\/\" data-type=\"link\" data-id=\"https:\/\/roadgenius.com\/cars\/rental\/france\/paris\/\">Autovermietung Vergleich<\/a><\/li>\n<\/ul>\n\n\n\n<div style=\"height:10px\" aria-hidden=\"true\" class=\"wp-block-spacer\"><\/div>\n\n\n\n<h3 class=\"wp-block-heading\"><span class=\"ez-toc-section\" id=\"Top-Attraktionen_in_New_York\"><\/span><strong>Top-Attraktionen in New York<\/strong><span class=\"ez-toc-section-end\"><\/span><\/h3>\n\n\n\n<ul class=\"wp-block-list\">\n<li><strong>Freiheitsstatue:<\/strong> Die Freiheitsstatue ist nicht nur eine Ikone, sondern auch ein Symbol der Freiheit, das weltweit nachhallt.<\/li>\n<\/ul>\n\n\n\n<ul class=\"wp-block-list\">\n<li><strong>Central Park:<\/strong> Ein st\u00e4dtischer Zufluchtsort, der ruhige Landschaften und malerische Ausblicke bietet, die zu einer entspannten Flucht einladen.<\/li>\n<\/ul>\n\n\n\n<ul class=\"wp-block-list\">\n<li><strong>Times Square:<\/strong> Der Inbegriff der pulsierenden Atmosph\u00e4re New Yorks, mit seiner unaufh\u00f6rlichen Energie, den hellen Lichtern und den riesigen Werbetafeln.<\/li>\n<\/ul>\n\n\n\n<ul class=\"wp-block-list\">\n<li><strong>Broadway:<\/strong> Der H\u00f6hepunkt des Live-Theaters und der Musicals, die das Beste der amerikanischen B\u00fchnenkunst zeigen.<\/li>\n<\/ul>\n\n\n\n<ul class=\"wp-block-list\">\n<li><strong>Brooklyn Bridge:<\/strong> Dieses historische Bauwerk bietet einen atemberaubenden Blick auf die Skyline von Manhattan und wird von Einheimischen und Besuchern gesch\u00e4tzt.<\/li>\n<\/ul>\n\n\n\n<div style=\"height:25px\" aria-hidden=\"true\" class=\"wp-block-spacer\"><\/div>\n\n\n\n<div class=\"wp-block-group\"><div class=\"wp-block-group__inner-container is-layout-constrained wp-block-group-is-layout-constrained\">\n<h3 class=\"wp-block-heading\">USA Reiseinformationsquellen (en)<\/h3>\n\n\n\n<ul class=\"wp-block-list\">\n<li><a href=\"https:\/\/roadgenius.com\/statistics\/tourism\/usa\/california\/\" data-type=\"page\" data-id=\"410\">Kalifornien Statistiken<\/a><\/li>\n\n\n\n<li><a href=\"https:\/\/roadgenius.com\/statistics\/tourism\/usa\/chicago\/\" data-type=\"page\" data-id=\"494\">Chicago Statistiken<\/a><\/li>\n\n\n\n<li><a href=\"https:\/\/roadgenius.com\/statistics\/tourism\/usa\/denver\/\" data-type=\"page\" data-id=\"498\">Denver Statistiken<\/a><\/li>\n\n\n\n<li><a href=\"https:\/\/roadgenius.com\/statistics\/tourism\/usa\/florida\/\" data-type=\"page\" data-id=\"411\">Florida Statistiken<\/a><\/li>\n\n\n\n<li><a href=\"https:\/\/roadgenius.com\/statistics\/tourism\/usa\/hawaii\/\" data-type=\"page\" data-id=\"413\">Hawaii Statistiken<\/a><\/li>\n\n\n\n<li><a href=\"https:\/\/roadgenius.com\/statistics\/tourism\/usa\/las-vegas\/\" data-type=\"page\" data-id=\"497\">Las Vegas Statistiken<\/a><\/li>\n\n\n\n<li><a href=\"https:\/\/roadgenius.com\/statistics\/tourism\/usa\/miami\/\">Miami Statistiken<\/a><\/li>\n\n\n\n<li><a href=\"https:\/\/roadgenius.com\/statistics\/tourism\/usa\/orlando\/\">Orlando Statistiken<\/a><\/li>\n\n\n\n<li><a href=\"https:\/\/roadgenius.com\/statistics\/tourism\/usa\/san-francisco\/\">San Francisco Statistiken<\/a><\/li>\n<\/ul>\n<\/div><\/div>\n\n\n\n<h3 class=\"wp-block-heading\">Beliebte US-Touristenattraktionen (en)<\/h3>\n\n\n\n<ul class=\"wp-block-list\">\n<li><a href=\"https:\/\/roadgenius.com\/statistics\/tourism\/usa\/disneyland-resort\/\" data-type=\"page\" data-id=\"649\">Disneyland Resort Statistiken<\/a><\/li>\n\n\n\n<li><a href=\"https:\/\/roadgenius.com\/statistics\/tourism\/usa\/grand-canyon\/\" data-type=\"page\" data-id=\"422\">Grand Canyon Statistiken<\/a><\/li>\n\n\n\n<li><a href=\"https:\/\/roadgenius.com\/statistics\/tourism\/usa\/statue-of-liberty\/\" data-type=\"page\" data-id=\"472\">Freiheitsstatue Statistiken<\/a><\/li>\n\n\n\n<li><a href=\"https:\/\/roadgenius.com\/statistics\/tourism\/usa\/yellowstone-national-park\/\" data-type=\"page\" data-id=\"423\">Yellowstone Nationalpark Statistiken<\/a><\/li>\n\n\n\n<li><a href=\"https:\/\/roadgenius.com\/statistics\/tourism\/usa\/walt-disney-world\/\" data-type=\"page\" data-id=\"499\">Walt Disney World Statistiken<\/a><\/li>\n\n\n\n<li><a href=\"https:\/\/roadgenius.com\/statistics\/tourism\/usa\/universal-orlando\/\" data-type=\"page\" data-id=\"648\">Universal Orlando Statistiken<\/a><\/li>\n\n\n\n<li><a href=\"https:\/\/roadgenius.com\/statistics\/tourism\/usa\/universal-studios-hollywood\/\" data-type=\"link\" data-id=\"https:\/\/roadgenius.com\/statistics\/tourism\/usa\/universal-studios-hollywood\/\">Universal Studios Hollywood Statistiken<\/a><\/li>\n<\/ul>\n\n\n\n<div style=\"height:100px\" aria-hidden=\"true\" class=\"wp-block-spacer\"><\/div>\n\n\n\n<hr class=\"wp-block-separator has-alpha-channel-opacity\"\/>\n\n\n\n<h3 class=\"wp-block-heading\" id=\"references\"><strong>References<\/strong><\/h3>\n\n\n<ol class=\"wp-block-footnotes\"><li id=\"f0347ee1-f86f-4afb-af14-87c29e6f0007\"><a href=\"https:\/\/esd.ny.gov\/sites\/default\/files\/New-York-City-2022-NYS-Tourism-Economic-Impact.pdf\">TourismEconomics<\/a>: Visitor Trends and Expenditure Patterns <a href=\"#f0347ee1-f86f-4afb-af14-87c29e6f0007-link\" aria-label=\"Zur Fu\u00dfnotenreferenz 1 navigieren\">\u21a9\ufe0e<\/a><\/li><li id=\"3cd61d6b-2873-4762-84ec-49293cdcfd10\"><a href=\"https:\/\/nyctourism-ar23.webflow.io\/\">NYC<\/a>:\u00a0Visitor\u00a0Trends\u00a0and\u00a0Expenditure\u00a0Patterns\u00a0<strong>\u2011<\/strong> 2022\u00a0&amp;\u00a02023 Report\u00a0 <a href=\"#3cd61d6b-2873-4762-84ec-49293cdcfd10-link\" aria-label=\"Zur Fu\u00dfnotenreferenz 2 navigieren\">\u21a9\ufe0e<\/a><\/li><li id=\"2cf5e337-c1fc-4323-910f-6e71c36e67b2\"><a href=\"https:\/\/www.concordehotelnewyork.com\/blog\/how-long-to-stay-when-visiting-new-york-city#:~:text=The%20general%20consensus%3F,our%20city%20has%20to%20offer.&amp;text=Three%20of%20the%20most%20popular,State%20Building%2C%20and%20Central%20Park.\">CHlNY:<\/a> Average stay in New York <a href=\"#2cf5e337-c1fc-4323-910f-6e71c36e67b2-link\" aria-label=\"Zur Fu\u00dfnotenreferenz 3 navigieren\">\u21a9\ufe0e<\/a><\/li><li id=\"56a88995-78eb-40a6-a014-84d23d588099\"><a href=\"https:\/\/secretnyc.co\/nyc-top-american-destination-2024\/\">SNYC:<\/a> Top American Destination <a href=\"#56a88995-78eb-40a6-a014-84d23d588099-link\" aria-label=\"Zur Fu\u00dfnotenreferenz 4 navigieren\">\u21a9\ufe0e<\/a><\/li><\/ol>","protected":false},"excerpt":{"rendered":"<p>Seite zuletzt aktualisiert: 12. Juni 2024 New York, bekannt als &#8222;The City That Never Sleeps&#8220; und &#8222;The Big Apple&#8222;, zieht mit seiner pulsierenden Kultur, seinen historischen Sehensw\u00fcrdigkeiten und seinem pulsierenden Stadtleben jedes Jahr Millionen von Besuchern an. Wie viele Menschen besuchen New York jedes Jahr? Wie viel geben die Besucher jedes Jahr in New York [&hellip;]<\/p>\n","protected":false},"author":2,"featured_media":0,"parent":11177,"menu_order":0,"comment_status":"closed","ping_status":"closed","template":"","meta":{"_seopress_robots_primary_cat":"","_seopress_titles_title":"New Yorker Tourismus - Wie viele besuchen die Stadt? (2023)","_seopress_titles_desc":"Ab 2021 stiegen die Besucherzahlen wieder an und erreichten 2,7 Millionen, um dann 2022 auf 9,4 Millionen und 2023 weiter auf 10,8 Millionen zu steigen.","_seopress_robots_index":"","footnotes":"[{\"content\":\"<a href=\\\"https:\/\/esd.ny.gov\/sites\/default\/files\/New-York-City-2022-NYS-Tourism-Economic-Impact.pdf\\\">TourismEconomics<\/a>: Visitor Trends and Expenditure Patterns\",\"id\":\"f0347ee1-f86f-4afb-af14-87c29e6f0007\"},{\"content\":\"<a href=\\\"https:\/\/nyctourism-ar23.webflow.io\/\\\">NYC<\/a>:\u00a0Visitor\u00a0Trends\u00a0and\u00a0Expenditure\u00a0Patterns\u00a0<strong>\u2011<\/strong> 2022\u00a0&amp;\u00a02023 Report\u00a0\",\"id\":\"3cd61d6b-2873-4762-84ec-49293cdcfd10\"},{\"content\":\"<a href=\\\"https:\/\/www.concordehotelnewyork.com\/blog\/how-long-to-stay-when-visiting-new-york-city#:~:text=The%20general%20consensus%3F,our%20city%20has%20to%20offer.&amp;text=Three%20of%20the%20most%20popular,State%20Building%2C%20and%20Central%20Park.\\\">CHlNY:<\/a> Average stay in New York\",\"id\":\"2cf5e337-c1fc-4323-910f-6e71c36e67b2\"},{\"content\":\"<a href=\\\"https:\/\/secretnyc.co\/nyc-top-american-destination-2024\/\\\">SNYC:<\/a> Top American Destination\",\"id\":\"56a88995-78eb-40a6-a014-84d23d588099\"}]"},"class_list":["post-10249","page","type-page","status-publish","hentry"],"acf":[],"_links":{"self":[{"href":"https:\/\/roadgenius.com\/de\/wp-json\/wp\/v2\/pages\/10249","targetHints":{"allow":["GET"]}}],"collection":[{"href":"https:\/\/roadgenius.com\/de\/wp-json\/wp\/v2\/pages"}],"about":[{"href":"https:\/\/roadgenius.com\/de\/wp-json\/wp\/v2\/types\/page"}],"author":[{"embeddable":true,"href":"https:\/\/roadgenius.com\/de\/wp-json\/wp\/v2\/users\/2"}],"replies":[{"embeddable":true,"href":"https:\/\/roadgenius.com\/de\/wp-json\/wp\/v2\/comments?post=10249"}],"version-history":[{"count":9,"href":"https:\/\/roadgenius.com\/de\/wp-json\/wp\/v2\/pages\/10249\/revisions"}],"predecessor-version":[{"id":11257,"href":"https:\/\/roadgenius.com\/de\/wp-json\/wp\/v2\/pages\/10249\/revisions\/11257"}],"up":[{"embeddable":true,"href":"https:\/\/roadgenius.com\/de\/wp-json\/wp\/v2\/pages\/11177"}],"wp:attachment":[{"href":"https:\/\/roadgenius.com\/de\/wp-json\/wp\/v2\/media?parent=10249"}],"curies":[{"name":"wp","href":"https:\/\/api.w.org\/{rel}","templated":true}]}}