{"id":9947,"date":"2024-06-20T00:54:30","date_gmt":"2024-06-20T00:54:30","guid":{"rendered":"https:\/\/roadgenius.com\/tourism\/global-tourism-2024-forecast\/"},"modified":"2024-08-08T22:08:06","modified_gmt":"2024-08-08T22:08:06","slug":"global-tourism-2024-forecast","status":"publish","type":"page","link":"https:\/\/roadgenius.com\/es\/statistics\/tourism\/global-tourism-2024-forecast\/","title":{"rendered":"Pron\u00f3stico del turismo mundial en 2024"},"content":{"rendered":"\n<p><em>P\u00e1gina actualizada por \u00faltima vez: 11 de julio de 2024<\/em><\/p>\n\n\n\n<p>La industria del turismo global anticipa un crecimiento continuo en 2024. Este pron\u00f3stico destaca las tendencias previstas, como el n\u00famero de llegadas de turistas internacionales, las contribuciones del turismo al PIB y las tasas de crecimiento anticipadas en volumen e ingresos del turismo.<\/p>\n\n\n\n<div id=\"ez-toc-container\" class=\"ez-toc-v2_0_65 counter-hierarchy ez-toc-counter ez-toc-grey ez-toc-container-direction\">\n<div class=\"ez-toc-title-container\">\n<p class=\"ez-toc-title \" >Overview<\/p>\n<span class=\"ez-toc-title-toggle\"><a href=\"#\" class=\"ez-toc-pull-right ez-toc-btn ez-toc-btn-xs ez-toc-btn-default ez-toc-toggle\" aria-label=\"Toggle Table of Content\"><span class=\"ez-toc-js-icon-con\"><span class=\"\"><span class=\"eztoc-hide\" style=\"display:none;\">Toggle<\/span><span class=\"ez-toc-icon-toggle-span\"><svg style=\"fill: #999;color:#999\" xmlns=\"http:\/\/www.w3.org\/2000\/svg\" class=\"list-377408\" width=\"20px\" height=\"20px\" viewBox=\"0 0 24 24\" fill=\"none\"><path d=\"M6 6H4v2h2V6zm14 0H8v2h12V6zM4 11h2v2H4v-2zm16 0H8v2h12v-2zM4 16h2v2H4v-2zm16 0H8v2h12v-2z\" fill=\"currentColor\"><\/path><\/svg><svg style=\"fill: #999;color:#999\" class=\"arrow-unsorted-368013\" xmlns=\"http:\/\/www.w3.org\/2000\/svg\" width=\"10px\" height=\"10px\" viewBox=\"0 0 24 24\" version=\"1.2\" baseProfile=\"tiny\"><path d=\"M18.2 9.3l-6.2-6.3-6.2 6.3c-.2.2-.3.4-.3.7s.1.5.3.7c.2.2.4.3.7.3h11c.3 0 .5-.1.7-.3.2-.2.3-.5.3-.7s-.1-.5-.3-.7zM5.8 14.7l6.2 6.3 6.2-6.3c.2-.2.3-.5.3-.7s-.1-.5-.3-.7c-.2-.2-.4-.3-.7-.3h-11c-.3 0-.5.1-.7.3-.2.2-.3.5-.3.7s.1.5.3.7z\"\/><\/svg><\/span><\/span><\/span><\/a><\/span><\/div>\n<nav><ul class='ez-toc-list ez-toc-list-level-1 ' ><li class='ez-toc-page-1 ez-toc-heading-level-2'><a class=\"ez-toc-link ez-toc-heading-1\" href=\"https:\/\/roadgenius.com\/es\/statistics\/tourism\/global-tourism-2024-forecast\/#Tendencias_del_turismo_mundial_para_2024\" title=\"Tendencias\u00a0del\u00a0turismo\u00a0mundial\u00a0para\u00a02024\">Tendencias\u00a0del\u00a0turismo\u00a0mundial\u00a0para\u00a02024<\/a><\/li><li class='ez-toc-page-1 ez-toc-heading-level-2'><a class=\"ez-toc-link ez-toc-heading-2\" href=\"https:\/\/roadgenius.com\/es\/statistics\/tourism\/global-tourism-2024-forecast\/#%C2%BFQue_resultados_tuvo_el_turismo_mundial_a_principios_de_2024\" title=\"\u00bfQu\u00e9\u00a0resultados\u00a0tuvo\u00a0el\u00a0turismo\u00a0mundial\u00a0a\u00a0principios\u00a0de\u00a02024?\">\u00bfQu\u00e9\u00a0resultados\u00a0tuvo\u00a0el\u00a0turismo\u00a0mundial\u00a0a\u00a0principios\u00a0de\u00a02024?<\/a><\/li><li class='ez-toc-page-1 ez-toc-heading-level-2'><a class=\"ez-toc-link ez-toc-heading-3\" href=\"https:\/\/roadgenius.com\/es\/statistics\/tourism\/global-tourism-2024-forecast\/#%C2%BFQue_puede_esperar_el_turismo_mundial_en_2024\" title=\"\u00bfQu\u00e9\u00a0puede\u00a0esperar\u00a0el\u00a0turismo\u00a0mundial\u00a0en\u00a02024?\">\u00bfQu\u00e9\u00a0puede\u00a0esperar\u00a0el\u00a0turismo\u00a0mundial\u00a0en\u00a02024?<\/a><\/li><li class='ez-toc-page-1 ez-toc-heading-level-2'><a class=\"ez-toc-link ez-toc-heading-4\" href=\"https:\/\/roadgenius.com\/es\/statistics\/tourism\/global-tourism-2024-forecast\/#%C2%BFAumentaran_las_llegadas_de_turistas_internacionales_en_2024\" title=\"\u00bfAumentar\u00e1n\u00a0las\u00a0llegadas\u00a0de\u00a0turistas\u00a0internacionales\u00a0en\u00a02024?\">\u00bfAumentar\u00e1n\u00a0las\u00a0llegadas\u00a0de\u00a0turistas\u00a0internacionales\u00a0en\u00a02024?<\/a><\/li><li class='ez-toc-page-1 ez-toc-heading-level-2'><a class=\"ez-toc-link ez-toc-heading-5\" href=\"https:\/\/roadgenius.com\/es\/statistics\/tourism\/global-tourism-2024-forecast\/#%C2%BFComo_quedaran_los_ingresos_del_turismo_mundial_en_2024\" title=\"\u00bfC\u00f3mo\u00a0quedar\u00e1n\u00a0los\u00a0ingresos\u00a0del\u00a0turismo\u00a0mundial\u00a0en\u00a02024?\">\u00bfC\u00f3mo\u00a0quedar\u00e1n\u00a0los\u00a0ingresos\u00a0del\u00a0turismo\u00a0mundial\u00a0en\u00a02024?<\/a><\/li><li class='ez-toc-page-1 ez-toc-heading-level-2'><a class=\"ez-toc-link ez-toc-heading-6\" href=\"https:\/\/roadgenius.com\/es\/statistics\/tourism\/global-tourism-2024-forecast\/#%C2%BFCual_es_el_pronostico_del_PIB_del_turismo_global_en_2024\" title=\"\u00bfCu\u00e1l\u00a0es\u00a0el\u00a0pron\u00f3stico\u00a0del\u00a0PIB\u00a0del\u00a0turismo\u00a0global\u00a0en\u00a02024?\">\u00bfCu\u00e1l\u00a0es\u00a0el\u00a0pron\u00f3stico\u00a0del\u00a0PIB\u00a0del\u00a0turismo\u00a0global\u00a0en\u00a02024?<\/a><\/li><li class='ez-toc-page-1 ez-toc-heading-level-2'><a class=\"ez-toc-link ez-toc-heading-7\" href=\"https:\/\/roadgenius.com\/es\/statistics\/tourism\/global-tourism-2024-forecast\/#%C2%BFAumentara_el_gasto_de_visitantes_internacionales_y_nacionales_en_2024\" title=\"\u00bfAumentar\u00e1\u00a0el\u00a0gasto\u00a0de\u00a0visitantes\u00a0internacionales\u00a0y\u00a0nacionales\u00a0en\u00a02024?\">\u00bfAumentar\u00e1\u00a0el\u00a0gasto\u00a0de\u00a0visitantes\u00a0internacionales\u00a0y\u00a0nacionales\u00a0en\u00a02024?<\/a><\/li><\/ul><\/nav><\/div>\n<h2 class=\"wp-block-heading\"><span class=\"ez-toc-section\" id=\"Tendencias_del_turismo_mundial_para_2024\"><\/span>Tendencias\u00a0del\u00a0turismo\u00a0mundial\u00a0para\u00a02024<span class=\"ez-toc-section-end\"><\/span><\/h2>\n\n\n\n<ul class=\"wp-block-list\">\n<li>Se espera que los viajes y el turismo rompan todos los r\u00e9cords en 2024, con una contribuci\u00f3n del turismo al PIB global que alcanzar\u00e1 los <strong>11,1 billones de d\u00f3lares<\/strong>.<sup data-fn=\"e17f67c0-de67-471b-89c3-0fd8df2ae52b\" class=\"fn\"><a href=\"#e17f67c0-de67-471b-89c3-0fd8df2ae52b\" id=\"e17f67c0-de67-471b-89c3-0fd8df2ae52b-link\">1<\/a><\/sup><\/li>\n<\/ul>\n\n\n\n<ul class=\"wp-block-list\">\n<li>Se prev\u00e9 que el gasto en turismo internacional igualar\u00e1 pr\u00e1cticamente al m\u00e1ximo de 2019, llegando aproximadamente a los <strong>1,89 billones de d\u00f3lares<\/strong>. Se anticipa que el gasto de los viajeros nacionales supere todos los r\u00e9cords anteriores y alcance los <strong>5,4 billones de d\u00f3lares<\/strong>.<\/li>\n<\/ul>\n\n\n\n<ul class=\"wp-block-list\">\n<li>Se espera que el n\u00famero de turistas internacionales alcance los <strong>1,5 mil millones<\/strong>, lo que representa un aumento del <strong>2%<\/strong> respecto a 2019.<sup data-fn=\"2655e59d-23f1-461b-af76-43a7ce3447f6\" class=\"fn\"><a href=\"#2655e59d-23f1-461b-af76-43a7ce3447f6\" id=\"2655e59d-23f1-461b-af76-43a7ce3447f6-link\">2<\/a><\/sup><\/li>\n<\/ul>\n\n\n\n<h2 class=\"wp-block-heading\"><span class=\"ez-toc-section\" id=\"%C2%BFQue_resultados_tuvo_el_turismo_mundial_a_principios_de_2024\"><\/span><strong>\u00bfQu\u00e9\u00a0resultados\u00a0tuvo\u00a0el\u00a0turismo\u00a0mundial\u00a0a\u00a0principios\u00a0de\u00a02024?<\/strong><span class=\"ez-toc-section-end\"><\/span><\/h2>\n\n\n\n<p>En el primer trimestre de 2024, el turismo internacional recuper\u00f3 el <strong>97%<\/strong> de los niveles de 2019.<sup data-fn=\"9bd0a251-866b-48d6-8348-c1edba702789\" class=\"fn\"><a href=\"#9bd0a251-866b-48d6-8348-c1edba702789\" id=\"9bd0a251-866b-48d6-8348-c1edba702789-link\">3<\/a><\/sup><\/p>\n\n\n\n<p>Este crecimiento fue impulsado por la alta demanda continua, la creciente accesibilidad de los mercados asi\u00e1ticos, la mejora de las conexiones a\u00e9reas y la facilitaci\u00f3n de los procesos de visado.<\/p>\n\n\n\n<ul class=\"wp-block-list\">\n<li>De enero a marzo de 2024, aproximadamente <strong>285 millones<\/strong> de personas viajaron a otros pa\u00edses. En comparaci\u00f3n con el mismo per\u00edodo de 2023, es aproximadamente un <strong>20%<\/strong> m\u00e1s.<\/li>\n<\/ul>\n\n\n\n<ul class=\"wp-block-list\">\n<li>El Medio Oriente vio un aumento del <strong>36%<\/strong> en las llegadas internacionales en comparaci\u00f3n con los niveles previos a la pandemia, mientras que Europa super\u00f3 sus cifras anteriores por primera vez desde el comienzo de la misma.<\/li>\n<\/ul>\n\n\n\n<ul class=\"wp-block-list\">\n<li>\u00c1frica tuvo un aumento del <strong>5%<\/strong> en las llegadas durante el primer trimestre de 2019, mientras que Am\u00e9rica casi alcanz\u00f3 los niveles previos a la pandemia con un <strong>99%<\/strong>.<\/li>\n<\/ul>\n\n\n\n<ul class=\"wp-block-list\">\n<li>La regi\u00f3n de Asia y el Pac\u00edfico se recuper\u00f3 al <strong>82%<\/strong> de los niveles de llegadas previos a la pandemia en el primer trimestre de 2024.<\/li>\n<\/ul>\n\n\n\n<h2 class=\"wp-block-heading\"><span class=\"ez-toc-section\" id=\"%C2%BFQue_puede_esperar_el_turismo_mundial_en_2024\"><\/span><strong>\u00bfQu\u00e9\u00a0puede\u00a0esperar\u00a0el\u00a0turismo\u00a0mundial\u00a0en\u00a02024?<\/strong><span class=\"ez-toc-section-end\"><\/span><\/h2>\n\n\n\n<p>La industria del turismo global est\u00e1 creciendo de manera constante y se espera que 2024 muestre un aumento a\u00fan m\u00e1s significativo que har\u00eda que destaque entre los a\u00f1os anteriores.<\/p>\n\n\n\n<h2 class=\"wp-block-heading\"><span class=\"ez-toc-section\" id=\"%C2%BFAumentaran_las_llegadas_de_turistas_internacionales_en_2024\"><\/span><strong>\u00bfAumentar\u00e1n\u00a0las\u00a0llegadas\u00a0de\u00a0turistas\u00a0internacionales\u00a0en\u00a02024?<\/strong><span class=\"ez-toc-section-end\"><\/span><\/h2>\n\n\n\n<p>En 2024, se prev\u00e9 que el n\u00famero de llegadas de turistas internacionales alcanzar\u00e1 los <strong>1,53 mil millones<\/strong>, con un ligero crecimiento del <strong>2%<\/strong> respecto a los niveles de 2019.<\/p>\n\n\n\n<ul class=\"wp-block-list\">\n<li>Este crecimiento indica un importante aumento de m\u00e1s del <strong>17,23%<\/strong> en las llegadas de turistas de un a\u00f1o a otro.<\/li>\n<\/ul>\n\n\n\n<figure class=\"wp-block-image size-large\"><img decoding=\"async\" width=\"1024\" height=\"634\" src=\"https:\/\/roadgenius.com\/wp-content\/uploads\/2024\/07\/llegadas-anuales-de-turistas-internacionales-globales-1024x634.jpg\" alt=\"llegadas-anuales-de-turistas-internacionales-globales\" class=\"wp-image-10423\" srcset=\"https:\/\/roadgenius.com\/wp-content\/uploads\/2024\/07\/llegadas-anuales-de-turistas-internacionales-globales-1024x634.jpg 1024w, https:\/\/roadgenius.com\/wp-content\/uploads\/2024\/07\/llegadas-anuales-de-turistas-internacionales-globales-300x186.jpg 300w, https:\/\/roadgenius.com\/wp-content\/uploads\/2024\/07\/llegadas-anuales-de-turistas-internacionales-globales-768x476.jpg 768w, https:\/\/roadgenius.com\/wp-content\/uploads\/2024\/07\/llegadas-anuales-de-turistas-internacionales-globales-1536x951.jpg 1536w, https:\/\/roadgenius.com\/wp-content\/uploads\/2024\/07\/llegadas-anuales-de-turistas-internacionales-globales.jpg 1744w\" sizes=\"(max-width: 1024px) 100vw, 1024px\" \/><\/figure>\n\n\n\n<h2 class=\"wp-block-heading\">Recursos de viaje por pa\u00eds<\/h2>\n\n\n\n<ul class=\"wp-block-list\">\n<li><a href=\"https:\/\/roadgenius.com\/es\/autos\/alquiler\/australia\/\" data-type=\"link\" data-id=\"https:\/\/roadgenius.com\/cars\/rental\/australia\/\">Precios de alquiler de coches en Australia<\/a><\/li>\n\n\n\n<li><a href=\"https:\/\/roadgenius.com\/es\/autos\/alquiler\/nz\/\" data-type=\"link\" data-id=\"https:\/\/roadgenius.com\/cars\/rental\/nz\/\">Precios de alquiler de coches en Nueva Zelanda<\/a><\/li>\n\n\n\n<li><a href=\"https:\/\/roadgenius.com\/es\/autos\/alquiler\/eeuu\/\">Precios de alquiler de coches en Estados Unidos<\/a><\/li>\n<\/ul>\n\n\n\n<h2 class=\"wp-block-heading\"><span class=\"ez-toc-section\" id=\"%C2%BFComo_quedaran_los_ingresos_del_turismo_mundial_en_2024\"><\/span><strong>\u00bfC\u00f3mo\u00a0quedar\u00e1n\u00a0los\u00a0ingresos\u00a0del\u00a0turismo\u00a0mundial\u00a0en\u00a02024?<\/strong><span class=\"ez-toc-section-end\"><\/span><\/h2>\n\n\n\n<p>Se espera que los ingresos del turismo mundial alcancen los <strong>9,4 billones de d\u00f3lares<\/strong> en 2024, lo que significar\u00eda una recuperaci\u00f3n y un crecimiento en la industria tras una gran ca\u00edda durante la pandemia.<\/p>\n\n\n\n<ul class=\"wp-block-list\">\n<li>Con una tasa de crecimiento anticipada del <strong>34,7%<\/strong>, el turismo global est\u00e1 preparado para recuperar por completo los niveles previos a la pandemia.<\/li>\n<\/ul>\n\n\n\n<h2 class=\"wp-block-heading\"><span class=\"ez-toc-section\" id=\"%C2%BFCual_es_el_pronostico_del_PIB_del_turismo_global_en_2024\"><\/span><strong>\u00bfCu\u00e1l\u00a0es\u00a0el\u00a0pron\u00f3stico\u00a0del\u00a0PIB\u00a0del\u00a0turismo\u00a0global\u00a0en\u00a02024?<\/strong><span class=\"ez-toc-section-end\"><\/span><\/h2>\n\n\n\n<p>Se espera que los viajes y el turismo contribuyan con una cifra r\u00e9cord de <strong>11,1 billones de d\u00f3lares<\/strong> al PIB global en 2024, seg\u00fan una previsi\u00f3n del Consejo Mundial del Viaje y el Turismo (WTTC, por sus siglas en ingl\u00e9s).<sup data-fn=\"e253fad5-7799-4b4f-8a4b-51d251a27717\" class=\"fn\"><a href=\"#e253fad5-7799-4b4f-8a4b-51d251a27717\" id=\"e253fad5-7799-4b4f-8a4b-51d251a27717-link\">4<\/a><\/sup><\/p>\n\n\n\n<ul class=\"wp-block-list\">\n<li>Estas previsiones sugieren que 2024 ser\u00e1 un a\u00f1o r\u00e9cord para el sector tur\u00edstico.<\/li>\n<\/ul>\n\n\n\n<h2 class=\"wp-block-heading\"><span class=\"ez-toc-section\" id=\"%C2%BFAumentara_el_gasto_de_visitantes_internacionales_y_nacionales_en_2024\"><\/span><strong>\u00bfAumentar\u00e1\u00a0el\u00a0gasto\u00a0de\u00a0visitantes\u00a0internacionales\u00a0y\u00a0nacionales\u00a0en\u00a02024?<\/strong><span class=\"ez-toc-section-end\"><\/span><\/h2>\n\n\n\n<ul class=\"wp-block-list\">\n<li>Se prev\u00e9 que el gasto de visitantes internacionales igualar\u00e1 pr\u00e1cticamente el pico de 2019 y alcanzar\u00e1 aproximadamente <strong>1,89 billones de d\u00f3lares<\/strong>.<\/li>\n<\/ul>\n\n\n\n<ul class=\"wp-block-list\">\n<li>Se anticipa que los turistas nacionales gasten m\u00e1s que nunca, con una estimaci\u00f3n aproximada de <strong>5,4 billones de d\u00f3lares<\/strong>. Se establecer\u00eda as\u00ed un nuevo r\u00e9cord.<\/li>\n<\/ul>\n\n\n\n<div style=\"height:25px\" aria-hidden=\"true\" class=\"wp-block-spacer\"><\/div>\n\n\n\n<div class=\"wp-block-group\"><div class=\"wp-block-group__inner-container is-layout-constrained wp-block-group-is-layout-constrained\">\n<h2 class=\"wp-block-heading\">Estad\u00edsticas de viajes por pa\u00eds<\/h2>\n\n\n\n<ul class=\"wp-block-list\">\n<li><a href=\"https:\/\/roadgenius.com\/es\/statistics\/tourism\/\">Ranking de turismo mundial 2023 &#8211; Estad\u00edsticas y tendencias 2023 y 2024<\/a><\/li>\n\n\n\n<li><a href=\"https:\/\/roadgenius.com\/es\/statistics\/tourism\/global-tourism-ranking\/\">Ranking de turismo mundial 2023 \u2013 Pa\u00edses m\u00e1s visitados<\/a><\/li>\n\n\n\n<li><a href=\"https:\/\/roadgenius.com\/statistics\/tourism\/france\/\" data-type=\"page\" data-id=\"292\">Estad\u00edsticas de turismo en Francia<\/a><\/li>\n\n\n\n<li><a href=\"https:\/\/roadgenius.com\/statistics\/tourism\/spain\/\" data-type=\"page\" data-id=\"323\">Estad\u00edsticas de turismo en Espa\u00f1a<\/a><\/li>\n<\/ul>\n\n\n\n<div class=\"wp-block-group\"><div class=\"wp-block-group__inner-container is-layout-constrained wp-block-group-is-layout-constrained\">\n<div class=\"wp-block-group\"><div class=\"wp-block-group__inner-container is-layout-constrained wp-block-group-is-layout-constrained\">\n<h2 class=\"wp-block-heading\">Estad\u00edsticas de viajes por pa\u00eds (en)<\/h2>\n\n\n\n<ul class=\"wp-block-list\">\n<li><a href=\"https:\/\/roadgenius.com.au\/statistics\/tourism\/australia\/\">Estad\u00edsticas de turismo en Australia<\/a><\/li>\n\n\n\n<li><a href=\"https:\/\/roadgenius.com\/statistics\/tourism\/canada\/\" data-type=\"page\" data-id=\"424\">Estad\u00edsticas de turismo en Canad\u00e1<\/a><\/li>\n\n\n\n<li><a href=\"https:\/\/roadgenius.com\/statistics\/tourism\/france\/\" data-type=\"page\" data-id=\"292\">Estad\u00edsticas de turismo en Francia<\/a><\/li>\n\n\n\n<li><a href=\"https:\/\/roadgenius.com\/statistics\/tourism\/germany\/\" data-type=\"page\" data-id=\"474\">Estad\u00edsticas de turismo en Alemania<\/a><\/li>\n\n\n\n<li><a href=\"https:\/\/roadgenius.com\/statistics\/tourism\/greece\/\" data-type=\"page\" data-id=\"230\">Estad\u00edsticas de turismo en Grecia<\/a><\/li>\n\n\n\n<li><a href=\"https:\/\/roadgenius.com\/statistics\/tourism\/iceland\/\" data-type=\"page\" data-id=\"234\">Estad\u00edsticas de turismo en Islandia<\/a><\/li>\n\n\n\n<li><a href=\"https:\/\/roadgenius.com\/statistics\/tourism\/italy\/\" data-type=\"page\" data-id=\"228\">Estad\u00edsticas de turismo en Italia<\/a><\/li>\n\n\n\n<li><a href=\"https:\/\/roadgenius.com\/statistics\/tourism\/nz\/\">Estad\u00edsticas de turismo en Nueva Zelanda<\/a><\/li>\n\n\n\n<li><a href=\"https:\/\/roadgenius.com\/statistics\/tourism\/norway\/\" data-type=\"page\" data-id=\"473\">Estad\u00edsticas de turismo en Noruega<\/a><\/li>\n\n\n\n<li><a href=\"https:\/\/roadgenius.com\/statistics\/tourism\/portugal\/\" data-type=\"page\" data-id=\"485\">Estad\u00edsticas de turismo en Portugal<\/a><\/li>\n\n\n\n<li><a href=\"https:\/\/roadgenius.com\/statistics\/tourism\/singapore\/\" data-type=\"page\" data-id=\"325\">Estad\u00edsticas de turismo en Singapur<\/a><\/li>\n\n\n\n<li><a href=\"https:\/\/roadgenius.com\/statistics\/tourism\/spain\/\" data-type=\"page\" data-id=\"323\">Estad\u00edsticas de turismo en Espa\u00f1a<\/a><\/li>\n\n\n\n<li><a href=\"https:\/\/roadgenius.com\/statistics\/tourism\/sweden\/\">Estad\u00edsticas de turismo en Suecia<\/a><\/li>\n\n\n\n<li><a href=\"https:\/\/roadgenius.com\/statistics\/tourism\/dubai\/\" data-type=\"page\" data-id=\"324\">Estad\u00edsticas de turismo en EAU y Dub\u00e1i<\/a><\/li>\n\n\n\n<li><a href=\"https:\/\/roadgenius.com\/statistics\/tourism\/uk\/\" data-type=\"page\" data-id=\"8\">Estad\u00edsticas de turismo en Reino Unido<\/a><\/li>\n\n\n\n<li><a href=\"https:\/\/roadgenius.com\/statistics\/tourism\/usa\/\" data-type=\"page\" data-id=\"408\">Estad\u00edsticas de turismo en Estados Unidos<\/a><\/li>\n<\/ul>\n<\/div><\/div>\n<\/div><\/div>\n<\/div><\/div>\n\n\n\n<div style=\"height:100px\" aria-hidden=\"true\" class=\"wp-block-spacer\"><\/div>\n\n\n\n<hr class=\"wp-block-separator has-alpha-channel-opacity\"\/>\n\n\n\n<h3 class=\"wp-block-heading\" id=\"references-greece\"><strong>References<\/strong><\/h3>\n\n\n<ol class=\"wp-block-footnotes\"><li id=\"e17f67c0-de67-471b-89c3-0fd8df2ae52b\"><a href=\"https:\/\/wttc.org\/news-article\/travel-and-tourism-set-to-break-all-records-in-2024-reveals-wttc\">WTTC<\/a>: Travel &amp; Tourism in 2024 <a href=\"#e17f67c0-de67-471b-89c3-0fd8df2ae52b-link\" aria-label=\"Saltar a la referencia de la nota 1\">\u21a9\ufe0e<\/a><\/li><li id=\"2655e59d-23f1-461b-af76-43a7ce3447f6\"><a href=\"https:\/\/www.unwto.org\/news\/international-tourism-to-reach-pre-pandemic-levels-in-2024\">UNWTO<\/a>: International Tourism in 2024 <a href=\"#2655e59d-23f1-461b-af76-43a7ce3447f6-link\" aria-label=\"Saltar a la referencia de la nota 2\">\u21a9\ufe0e<\/a><\/li><li id=\"9bd0a251-866b-48d6-8348-c1edba702789\"><a href=\"https:\/\/www.unwto.org\/un-tourism-world-tourism-barometer-data\">UNWTO<\/a>: International Tourism in 1st Quarter of 2024 <a href=\"#9bd0a251-866b-48d6-8348-c1edba702789-link\" aria-label=\"Saltar a la referencia de la nota 3\">\u21a9\ufe0e<\/a><\/li><li id=\"e253fad5-7799-4b4f-8a4b-51d251a27717\"><a href=\"https:\/\/wttc.org\/news-article\/travel-and-tourism-set-to-break-all-records-in-2024-reveals-wttc\">WTTC<\/a>: Travel &amp; Tourism 2024 <a href=\"#e253fad5-7799-4b4f-8a4b-51d251a27717-link\" aria-label=\"Saltar a la referencia de la nota 4\">\u21a9\ufe0e<\/a><\/li><\/ol>","protected":false},"excerpt":{"rendered":"<p>P\u00e1gina actualizada por \u00faltima vez: 11 de julio de 2024 La industria del turismo global anticipa un crecimiento continuo en 2024. Este pron\u00f3stico destaca las tendencias previstas, como el n\u00famero de llegadas de turistas internacionales, las contribuciones del turismo al PIB y las tasas de crecimiento anticipadas en volumen e ingresos del turismo. Tendencias\u00a0del\u00a0turismo\u00a0mundial\u00a0para\u00a02024 \u00bfQu\u00e9\u00a0resultados\u00a0tuvo\u00a0el\u00a0turismo\u00a0mundial\u00a0a\u00a0principios\u00a0de\u00a02024? [&hellip;]<\/p>\n","protected":false},"author":2,"featured_media":0,"parent":9939,"menu_order":0,"comment_status":"closed","ping_status":"closed","template":"","meta":{"_seopress_robots_primary_cat":"","_seopress_titles_title":"Pron\u00f3stico del turismo mundial en 2024","_seopress_titles_desc":"Se espera que los viajes y el turismo rompan todos los r\u00e9cords en 2024, con una contribuci\u00f3n del turismo al PIB global que alcanzar\u00e1 los 11,1 billones de d\u00f3lares. Se espera que el n\u00famero de turistas internacionales alcance los 1,5 mil millones, lo que representa un aumento del 2% respecto a 2019.","_seopress_robots_index":"","footnotes":"[{\"content\":\"<a href=\\\"https:\/\/wttc.org\/news-article\/travel-and-tourism-set-to-break-all-records-in-2024-reveals-wttc\\\">WTTC<\/a>: Travel &amp; Tourism in 2024\",\"id\":\"e17f67c0-de67-471b-89c3-0fd8df2ae52b\"},{\"content\":\"<a href=\\\"https:\/\/www.unwto.org\/news\/international-tourism-to-reach-pre-pandemic-levels-in-2024\\\">UNWTO<\/a>: International Tourism in 2024\",\"id\":\"2655e59d-23f1-461b-af76-43a7ce3447f6\"},{\"content\":\"<a href=\\\"https:\/\/www.unwto.org\/un-tourism-world-tourism-barometer-data\\\">UNWTO<\/a>: International Tourism in 1st Quarter of 2024\",\"id\":\"9bd0a251-866b-48d6-8348-c1edba702789\"},{\"content\":\"<a href=\\\"https:\/\/wttc.org\/news-article\/travel-and-tourism-set-to-break-all-records-in-2024-reveals-wttc\\\">WTTC<\/a>: Travel &amp; Tourism 2024\",\"id\":\"e253fad5-7799-4b4f-8a4b-51d251a27717\"}]"},"class_list":["post-9947","page","type-page","status-publish","hentry"],"acf":[],"_links":{"self":[{"href":"https:\/\/roadgenius.com\/es\/wp-json\/wp\/v2\/pages\/9947","targetHints":{"allow":["GET"]}}],"collection":[{"href":"https:\/\/roadgenius.com\/es\/wp-json\/wp\/v2\/pages"}],"about":[{"href":"https:\/\/roadgenius.com\/es\/wp-json\/wp\/v2\/types\/page"}],"author":[{"embeddable":true,"href":"https:\/\/roadgenius.com\/es\/wp-json\/wp\/v2\/users\/2"}],"replies":[{"embeddable":true,"href":"https:\/\/roadgenius.com\/es\/wp-json\/wp\/v2\/comments?post=9947"}],"version-history":[{"count":5,"href":"https:\/\/roadgenius.com\/es\/wp-json\/wp\/v2\/pages\/9947\/revisions"}],"predecessor-version":[{"id":11245,"href":"https:\/\/roadgenius.com\/es\/wp-json\/wp\/v2\/pages\/9947\/revisions\/11245"}],"up":[{"embeddable":true,"href":"https:\/\/roadgenius.com\/es\/wp-json\/wp\/v2\/pages\/9939"}],"wp:attachment":[{"href":"https:\/\/roadgenius.com\/es\/wp-json\/wp\/v2\/media?parent=9947"}],"curies":[{"name":"wp","href":"https:\/\/api.w.org\/{rel}","templated":true}]}}