{"id":10523,"date":"2024-04-10T01:22:10","date_gmt":"2024-04-10T01:22:10","guid":{"rendered":"https:\/\/roadgenius.com\/statistics\/tourism\/france\/paris\/2024-olympic-games\/"},"modified":"2024-08-08T06:13:23","modified_gmt":"2024-08-08T06:13:23","slug":"2024-olympic-games","status":"publish","type":"page","link":"https:\/\/roadgenius.com\/fr\/statistics\/tourism\/france\/paris\/2024-olympic-games\/","title":{"rendered":"Infos et statistiques sur le nombre de touristes pour les Jeux Olympiques de Paris 2024"},"content":{"rendered":"\n<p>Les Jeux Olympiques d&rsquo;\u00e9t\u00e9 de 2024 marquent le 100e anniversaire de la derni\u00e8re fois que Paris a accueilli les Jeux Olympiques, en 1924. Symbole de la boucle boucl\u00e9e, Paris sera l&rsquo;une des rares villes \u00e0 accueillir les Jeux Olympiques pour la troisi\u00e8me fois, puisqu&rsquo;elle les a accueillis pour la premi\u00e8re fois en 1900.<sup data-fn=\"c21b3cea-199c-4382-b120-765625d48e9a\" class=\"fn\"><a href=\"#c21b3cea-199c-4382-b120-765625d48e9a\" id=\"c21b3cea-199c-4382-b120-765625d48e9a-link\">1<\/a><\/sup><\/p>\n\n\n\n<div style=\"height:10px\" aria-hidden=\"true\" class=\"wp-block-spacer\"><\/div>\n\n\n\n<figure class=\"wp-block-image size-large\"><img decoding=\"async\" width=\"1024\" height=\"576\" src=\"https:\/\/roadgenius.com\/wp-content\/uploads\/2024\/04\/paris-2024-olympic-games-1024x576.jpg\" alt=\"paris-2024-olympic-games\" class=\"wp-image-926\" srcset=\"https:\/\/roadgenius.com\/wp-content\/uploads\/2024\/04\/paris-2024-olympic-games-1024x576.jpg 1024w, https:\/\/roadgenius.com\/wp-content\/uploads\/2024\/04\/paris-2024-olympic-games-300x169.jpg 300w, https:\/\/roadgenius.com\/wp-content\/uploads\/2024\/04\/paris-2024-olympic-games-768x432.jpg 768w, https:\/\/roadgenius.com\/wp-content\/uploads\/2024\/04\/paris-2024-olympic-games-1536x864.jpg 1536w, https:\/\/roadgenius.com\/wp-content\/uploads\/2024\/04\/paris-2024-olympic-games.jpg 1680w\" sizes=\"(max-width: 1024px) 100vw, 1024px\" \/><\/figure>\n\n\n\n<div style=\"height:50px\" aria-hidden=\"true\" class=\"wp-block-spacer\"><\/div>\n\n\n\n<div id=\"ez-toc-container\" class=\"ez-toc-v2_0_65 counter-hierarchy ez-toc-counter ez-toc-grey ez-toc-container-direction\">\n<div class=\"ez-toc-title-container\">\n<p class=\"ez-toc-title \" >Overview<\/p>\n<span class=\"ez-toc-title-toggle\"><a href=\"#\" class=\"ez-toc-pull-right ez-toc-btn ez-toc-btn-xs ez-toc-btn-default ez-toc-toggle\" aria-label=\"Toggle Table of Content\"><span class=\"ez-toc-js-icon-con\"><span class=\"\"><span class=\"eztoc-hide\" style=\"display:none;\">Toggle<\/span><span class=\"ez-toc-icon-toggle-span\"><svg style=\"fill: #999;color:#999\" xmlns=\"http:\/\/www.w3.org\/2000\/svg\" class=\"list-377408\" width=\"20px\" height=\"20px\" viewBox=\"0 0 24 24\" fill=\"none\"><path d=\"M6 6H4v2h2V6zm14 0H8v2h12V6zM4 11h2v2H4v-2zm16 0H8v2h12v-2zM4 16h2v2H4v-2zm16 0H8v2h12v-2z\" fill=\"currentColor\"><\/path><\/svg><svg style=\"fill: #999;color:#999\" class=\"arrow-unsorted-368013\" xmlns=\"http:\/\/www.w3.org\/2000\/svg\" width=\"10px\" height=\"10px\" viewBox=\"0 0 24 24\" version=\"1.2\" baseProfile=\"tiny\"><path d=\"M18.2 9.3l-6.2-6.3-6.2 6.3c-.2.2-.3.4-.3.7s.1.5.3.7c.2.2.4.3.7.3h11c.3 0 .5-.1.7-.3.2-.2.3-.5.3-.7s-.1-.5-.3-.7zM5.8 14.7l6.2 6.3 6.2-6.3c.2-.2.3-.5.3-.7s-.1-.5-.3-.7c-.2-.2-.4-.3-.7-.3h-11c-.3 0-.5.1-.7.3-.2.2-.3.5-.3.7s.1.5.3.7z\"\/><\/svg><\/span><\/span><\/span><\/a><\/span><\/div>\n<nav><ul class='ez-toc-list ez-toc-list-level-1 ' ><li class='ez-toc-page-1 ez-toc-heading-level-3'><a class=\"ez-toc-link ez-toc-heading-1\" href=\"https:\/\/roadgenius.com\/fr\/statistics\/tourism\/france\/paris\/2024-olympic-games\/#Combien_de_pays_participeront_aux_Jeux_Olympiques_de_Paris_2024\" title=\"Combien\u00a0de\u00a0pays\u00a0participeront\u00a0aux\u00a0Jeux\u00a0Olympiques\u00a0de\u00a0Paris\u00a02024\u00a0?\">Combien\u00a0de\u00a0pays\u00a0participeront\u00a0aux\u00a0Jeux\u00a0Olympiques\u00a0de\u00a0Paris\u00a02024\u00a0?<\/a><\/li><li class='ez-toc-page-1 ez-toc-heading-level-3'><a class=\"ez-toc-link ez-toc-heading-2\" href=\"https:\/\/roadgenius.com\/fr\/statistics\/tourism\/france\/paris\/2024-olympic-games\/#Quel_est_le_nombre_estime_dathletes_participant\" title=\"Quel est le nombre estim\u00e9 d&rsquo;athl\u00e8tes participant ?\">Quel est le nombre estim\u00e9 d&rsquo;athl\u00e8tes participant ?<\/a><\/li><li class='ez-toc-page-1 ez-toc-heading-level-3'><a class=\"ez-toc-link ez-toc-heading-3\" href=\"https:\/\/roadgenius.com\/fr\/statistics\/tourism\/france\/paris\/2024-olympic-games\/#Combien_de_sports_et_depreuves_seront_inclus_dans_les_Jeux_Olympiques_de_Paris_2024\" title=\"Combien\u00a0de\u00a0sports\u00a0et\u00a0d&rsquo;\u00e9preuves\u00a0seront\u00a0inclus\u00a0dans\u00a0les\u00a0Jeux\u00a0Olympiques\u00a0de\u00a0Paris\u00a02024\u00a0?\">Combien\u00a0de\u00a0sports\u00a0et\u00a0d&rsquo;\u00e9preuves\u00a0seront\u00a0inclus\u00a0dans\u00a0les\u00a0Jeux\u00a0Olympiques\u00a0de\u00a0Paris\u00a02024\u00a0?<\/a><\/li><li class='ez-toc-page-1 ez-toc-heading-level-3'><a class=\"ez-toc-link ez-toc-heading-4\" href=\"https:\/\/roadgenius.com\/fr\/statistics\/tourism\/france\/paris\/2024-olympic-games\/#Quand_commencera_le_relais_de_la_flamme_olympique\" title=\"Quand commencera le relais de la flamme olympique ?\">Quand commencera le relais de la flamme olympique ?<\/a><\/li><li class='ez-toc-page-1 ez-toc-heading-level-3'><a class=\"ez-toc-link ez-toc-heading-5\" href=\"https:\/\/roadgenius.com\/fr\/statistics\/tourism\/france\/paris\/2024-olympic-games\/#Combien_de_sites_seront_utilises_pour_les_Jeux_Olympiques_de_Paris_2024\" title=\"Combien\u00a0de\u00a0sites\u00a0seront\u00a0utilis\u00e9s\u00a0pour\u00a0les\u00a0Jeux\u00a0Olympiques\u00a0de\u00a0Paris\u00a02024\u00a0?\">Combien\u00a0de\u00a0sites\u00a0seront\u00a0utilis\u00e9s\u00a0pour\u00a0les\u00a0Jeux\u00a0Olympiques\u00a0de\u00a0Paris\u00a02024\u00a0?<\/a><\/li><li class='ez-toc-page-1 ez-toc-heading-level-3'><a class=\"ez-toc-link ez-toc-heading-6\" href=\"https:\/\/roadgenius.com\/fr\/statistics\/tourism\/france\/paris\/2024-olympic-games\/#Quels_sont_les_principaux_sites_des_Jeux_Olympiques_de_Paris_2024\" title=\"Quels\u00a0sont\u00a0les\u00a0principaux\u00a0sites\u00a0des\u00a0Jeux\u00a0Olympiques\u00a0de\u00a0Paris\u00a02024\u00a0?\">Quels\u00a0sont\u00a0les\u00a0principaux\u00a0sites\u00a0des\u00a0Jeux\u00a0Olympiques\u00a0de\u00a0Paris\u00a02024\u00a0?<\/a><\/li><li class='ez-toc-page-1 ez-toc-heading-level-3'><a class=\"ez-toc-link ez-toc-heading-7\" href=\"https:\/\/roadgenius.com\/fr\/statistics\/tourism\/france\/paris\/2024-olympic-games\/#Ressources_de_voyage_en_France\" title=\"Ressources de voyage en France\">Ressources de voyage en France<\/a><\/li><li class='ez-toc-page-1 ez-toc-heading-level-3'><a class=\"ez-toc-link ez-toc-heading-8\" href=\"https:\/\/roadgenius.com\/fr\/statistics\/tourism\/france\/paris\/2024-olympic-games\/#Quels_sont_les_previsions_de_frequentation_des_spectateurs\" title=\"Quels\u00a0sont les pr\u00e9visions de fr\u00e9quentation des\u00a0spectateurs\u00a0?\">Quels\u00a0sont les pr\u00e9visions de fr\u00e9quentation des\u00a0spectateurs\u00a0?<\/a><\/li><li class='ez-toc-page-1 ez-toc-heading-level-3'><a class=\"ez-toc-link ez-toc-heading-9\" href=\"https:\/\/roadgenius.com\/fr\/statistics\/tourism\/france\/paris\/2024-olympic-games\/#Combien_de_billets_devraient_etre_vendus_pour_les_Jeux_Olympiques_de_Paris_2024\" title=\"Combien\u00a0de\u00a0billets\u00a0devraient\u00a0\u00eatre\u00a0vendus\u00a0pour\u00a0les\u00a0Jeux\u00a0Olympiques\u00a0de\u00a0Paris\u00a02024\u00a0?\">Combien\u00a0de\u00a0billets\u00a0devraient\u00a0\u00eatre\u00a0vendus\u00a0pour\u00a0les\u00a0Jeux\u00a0Olympiques\u00a0de\u00a0Paris\u00a02024\u00a0?<\/a><\/li><li class='ez-toc-page-1 ez-toc-heading-level-3'><a class=\"ez-toc-link ez-toc-heading-10\" href=\"https:\/\/roadgenius.com\/fr\/statistics\/tourism\/france\/paris\/2024-olympic-games\/#Comment_obtenir_des_billets_pour_les_Jeux_Olympiques_de_Paris_2024\" title=\"Comment\u00a0obtenir\u00a0des\u00a0billets\u00a0pour\u00a0les\u00a0Jeux\u00a0Olympiques\u00a0de\u00a0Paris\u00a02024\u00a0?\">Comment\u00a0obtenir\u00a0des\u00a0billets\u00a0pour\u00a0les\u00a0Jeux\u00a0Olympiques\u00a0de\u00a0Paris\u00a02024\u00a0?<\/a><\/li><li class='ez-toc-page-1 ez-toc-heading-level-3'><a class=\"ez-toc-link ez-toc-heading-11\" href=\"https:\/\/roadgenius.com\/fr\/statistics\/tourism\/france\/paris\/2024-olympic-games\/#Ressources_de_statistiques_de_voyage_en_France\" title=\"Ressources de statistiques de voyage en France\">Ressources de statistiques de voyage en France<\/a><\/li><\/ul><\/nav><\/div>\n<h3 class=\"wp-block-heading\"><span class=\"ez-toc-section\" id=\"Combien_de_pays_participeront_aux_Jeux_Olympiques_de_Paris_2024\"><\/span><strong>Combien\u00a0de\u00a0pays\u00a0participeront\u00a0aux\u00a0Jeux\u00a0Olympiques\u00a0de\u00a0Paris\u00a02024\u00a0?<\/strong><span class=\"ez-toc-section-end\"><\/span><\/h3>\n\n\n\n<ul class=\"wp-block-list\">\n<li>Plus de <strong>200 pays<\/strong> devraient participer, avec des athl\u00e8tes du monde entier pour concourir dans cet \u00e9v\u00e9nement sportif international de premier plan.<\/li>\n<\/ul>\n\n\n\n<div style=\"height:10px\" aria-hidden=\"true\" class=\"wp-block-spacer\"><\/div>\n\n\n\n<h3 class=\"wp-block-heading\"><span class=\"ez-toc-section\" id=\"Quel_est_le_nombre_estime_dathletes_participant\"><\/span><strong>Quel est le nombre estim\u00e9 d&rsquo;athl\u00e8tes participant ?<\/strong><span class=\"ez-toc-section-end\"><\/span><\/h3>\n\n\n\n<ul class=\"wp-block-list\">\n<li>Les Jeux Olympiques de Paris 2024 devraient accueillir plus de 10 500 athl\u00e8tes, qui concourront dans diverses disciplines sportives.<\/li>\n<\/ul>\n\n\n\n<div style=\"height:10px\" aria-hidden=\"true\" class=\"wp-block-spacer\"><\/div>\n\n\n\n<h3 class=\"wp-block-heading\"><span class=\"ez-toc-section\" id=\"Combien_de_sports_et_depreuves_seront_inclus_dans_les_Jeux_Olympiques_de_Paris_2024\"><\/span><strong>Combien\u00a0de\u00a0sports\u00a0et\u00a0d&rsquo;\u00e9preuves\u00a0seront\u00a0inclus\u00a0dans\u00a0les\u00a0Jeux\u00a0Olympiques\u00a0de\u00a0Paris\u00a02024\u00a0?<\/strong><span class=\"ez-toc-section-end\"><\/span><\/h3>\n\n\n\n<ul class=\"wp-block-list\">\n<li>Les jeux mettront en vedette <strong>32<\/strong> <strong>sports<\/strong>, dont quatre nouvelles disciplines : le surf, le skateboard, l&rsquo;escalade sportive et le breakdance.<\/li>\n<\/ul>\n\n\n\n<ul class=\"wp-block-list\">\n<li>Le programme des \u00e9preuves comprendra \u00e9galement de nouvelles disciplines dans les sports existants comme le basketball 3&#215;3 et les \u00e9preuves par \u00e9quipes mixtes dans plusieurs sports pour promouvoir l&rsquo;\u00e9galit\u00e9 des sexes.<\/li>\n<\/ul>\n\n\n\n<div style=\"height:10px\" aria-hidden=\"true\" class=\"wp-block-spacer\"><\/div>\n\n\n\n<h3 class=\"wp-block-heading\"><span class=\"ez-toc-section\" id=\"Quand_commencera_le_relais_de_la_flamme_olympique\"><\/span><strong>Quand commencera le relais de la flamme olympique ?<\/strong><span class=\"ez-toc-section-end\"><\/span><\/h3>\n\n\n\n<ul class=\"wp-block-list\">\n<li>Le relais de la flamme commencera le <strong>16 avril 2024<\/strong> et partira de l&rsquo;ancienne cit\u00e9 d&rsquo;Olympie, en Gr\u00e8ce.<\/li>\n<\/ul>\n\n\n\n<ul class=\"wp-block-list\">\n<li>La flamme olympique se rendra ensuite \u00e0 Ath\u00e8nes avant de se diriger vers Paris, symbolisant l&rsquo;h\u00e9ritage durable et l&rsquo;unit\u00e9 que les Jeux apportent \u00e0 la sc\u00e8ne mondiale.<\/li>\n<\/ul>\n\n\n\n<div style=\"height:10px\" aria-hidden=\"true\" class=\"wp-block-spacer\"><\/div>\n\n\n\n<h3 class=\"wp-block-heading\"><span class=\"ez-toc-section\" id=\"Combien_de_sites_seront_utilises_pour_les_Jeux_Olympiques_de_Paris_2024\"><\/span><strong>Combien\u00a0de\u00a0sites\u00a0seront\u00a0utilis\u00e9s\u00a0pour\u00a0les\u00a0Jeux\u00a0Olympiques\u00a0de\u00a0Paris\u00a02024\u00a0?<\/strong><span class=\"ez-toc-section-end\"><\/span><\/h3>\n\n\n\n<ul class=\"wp-block-list\">\n<li>Les Jeux Olympiques de Paris 2024 pr\u00e9voient d&rsquo;utiliser<strong> 35 sites de comp\u00e9tition<\/strong>. Ces sites sont strat\u00e9giquement r\u00e9partis dans toute la ville et au-del\u00e0, y compris Versailles et Marseille.<\/li>\n<\/ul>\n\n\n\n<div style=\"height:10px\" aria-hidden=\"true\" class=\"wp-block-spacer\"><\/div>\n\n\n\n<h3 class=\"wp-block-heading\"><span class=\"ez-toc-section\" id=\"Quels_sont_les_principaux_sites_des_Jeux_Olympiques_de_Paris_2024\"><\/span><strong>Quels\u00a0sont\u00a0les\u00a0principaux\u00a0sites\u00a0des\u00a0Jeux\u00a0Olympiques\u00a0de\u00a0Paris\u00a02024\u00a0?<\/strong><span class=\"ez-toc-section-end\"><\/span><\/h3>\n\n\n\n<p>Les comp\u00e9titions seront r\u00e9parties dans des lieux embl\u00e9matiques, dont certains incluent :<\/p>\n\n\n\n<ul class=\"wp-block-list\">\n<li><strong>Stade de France :<\/strong> Le stade embl\u00e9matique accueillera les \u00e9preuves d&rsquo;athl\u00e9tisme et les c\u00e9r\u00e9monies d&rsquo;ouverture et de cl\u00f4ture. En tant que stade principal, il a une capacit\u00e9 d&rsquo;accueil impressionnante de <strong>80 000 spectateurs<\/strong>.<\/li>\n<\/ul>\n\n\n\n<ul class=\"wp-block-list\">\n<li><strong>Palais de Versailles :<\/strong> Les \u00e9preuves d&rsquo;\u00e9quitation et le pentathlon moderne se d\u00e9rouleront dans les jardins de ce lieu historique, qui peut accueillir <strong>15 000<\/strong> ou <strong>40 000 spectateurs<\/strong>.<\/li>\n<\/ul>\n\n\n\n<ul class=\"wp-block-list\">\n<li><strong>Champs de Mars :<\/strong> Une ar\u00e8ne temporaire ici sera le site du beach-volley et devrait accueillir environ <strong>12 000 spectateurs<\/strong>.<\/li>\n<\/ul>\n\n\n\n<ul class=\"wp-block-list\">\n<li><strong>Grand Palais :<\/strong> Monument historique et hall d&rsquo;exposition, il sera transform\u00e9 pour les \u00e9preuves d&rsquo;escrime et de taekwondo.<\/li>\n<\/ul>\n\n\n\n<ul class=\"wp-block-list\">\n<li><strong>Paris Expo Porte de Versailles :<\/strong> Pr\u00e9vu pour accueillir plusieurs sports, dont le tennis de table et la boxe.<\/li>\n<\/ul>\n\n\n\n<p>Avec tous les sites combin\u00e9s, on estime que les jeux pourront accueillir entre <strong>300 000<\/strong> et <strong>800 000 spectateurs<\/strong> par jour.<\/p>\n\n\n\n<div style=\"height:10px\" aria-hidden=\"true\" class=\"wp-block-spacer\"><\/div>\n\n\n\n<h3 class=\"wp-block-heading\"><span class=\"ez-toc-section\" id=\"Ressources_de_voyage_en_France\"><\/span><strong>Ressources de voyage en France<\/strong><span class=\"ez-toc-section-end\"><\/span><\/h3>\n\n\n\n<ul class=\"wp-block-list\">\n<li><a href=\"https:\/\/roadgenius.com\/fr\/\">Comparaison de location de voitures<\/a><\/li>\n<\/ul>\n\n\n\n<div style=\"height:10px\" aria-hidden=\"true\" class=\"wp-block-spacer\"><\/div>\n\n\n\n<h3 class=\"wp-block-heading\"><span class=\"ez-toc-section\" id=\"Quels_sont_les_previsions_de_frequentation_des_spectateurs\"><\/span><strong>Quels\u00a0sont les pr\u00e9visions de fr\u00e9quentation des\u00a0spectateurs\u00a0?<\/strong><span class=\"ez-toc-section-end\"><\/span><\/h3>\n\n\n\n<p>Plus de <strong>16 millions de visiteurs<\/strong> sont attendus \u00e0 Paris pendant les Jeux Olympiques, avec une forte demande de billets.<\/p>\n\n\n\n<ul class=\"wp-block-list\">\n<li><strong>13 millions de billets<\/strong> sont disponibles pour les Jeux Olympiques et Paralympiques.<\/li>\n<\/ul>\n\n\n\n<ul class=\"wp-block-list\">\n<li>Les sites olympiques combin\u00e9s peuvent accueillir entre <strong>300 000<\/strong> et <strong>800 000 spectateurs<\/strong> par jour.<\/li>\n<\/ul>\n\n\n\n<div style=\"height:10px\" aria-hidden=\"true\" class=\"wp-block-spacer\"><\/div>\n\n\n\n<h3 class=\"wp-block-heading\"><span class=\"ez-toc-section\" id=\"Combien_de_billets_devraient_etre_vendus_pour_les_Jeux_Olympiques_de_Paris_2024\"><\/span><strong>Combien\u00a0de\u00a0billets\u00a0devraient\u00a0\u00eatre\u00a0vendus\u00a0pour\u00a0les\u00a0Jeux\u00a0Olympiques\u00a0de\u00a0Paris\u00a02024\u00a0?<\/strong><span class=\"ez-toc-section-end\"><\/span><\/h3>\n\n\n\n<p>Environ <strong>10 millions de billets<\/strong> pour les Jeux olympiques et <strong>3 millions<\/strong> pour les Jeux paralympiques sont disponibles et devraient \u00eatre vendus. Diverses options de billetterie visent \u00e0 garantir l&rsquo;inclusivit\u00e9 et l&rsquo;accessibilit\u00e9, avec une plateforme de billetterie unifi\u00e9e mise en place pour faciliter l&rsquo;acc\u00e8s.<\/p>\n\n\n\n<ul class=\"wp-block-list\">\n<li>Le Comit\u00e9 d&rsquo;Organisation de Paris 2024 rapporte que pr\u00e8s de <strong>9 millions de billets<\/strong><sup data-fn=\"5126e2d3-88ab-4dc3-ba9b-ff7a48e0b806\" class=\"fn\"><a href=\"#5126e2d3-88ab-4dc3-ba9b-ff7a48e0b806\" id=\"5126e2d3-88ab-4dc3-ba9b-ff7a48e0b806-link\">2<\/a><\/sup>  ont \u00e9t\u00e9 vendus depuis le d\u00e9but de la mise en vente il y a pr\u00e8s d&rsquo;un an sur le <a href=\"https:\/\/tickets.paris2024.org\/en\/\">site officiel de billetterie Paris 2024<\/a>.<\/li>\n<\/ul>\n\n\n\n<ul class=\"wp-block-list\">\n<li>Les billets pour assister \u00e0 la c\u00e9r\u00e9monie d&rsquo;ouverture co\u00fbtent de <strong>25 \u20ac \u00e0 9 500 \u20ac<\/strong> par personne.<\/li>\n<\/ul>\n\n\n\n<div style=\"height:10px\" aria-hidden=\"true\" class=\"wp-block-spacer\"><\/div>\n\n\n\n<h3 class=\"wp-block-heading\"><span class=\"ez-toc-section\" id=\"Comment_obtenir_des_billets_pour_les_Jeux_Olympiques_de_Paris_2024\"><\/span><strong>Comment\u00a0obtenir\u00a0des\u00a0billets\u00a0pour\u00a0les\u00a0Jeux\u00a0Olympiques\u00a0de\u00a0Paris\u00a02024\u00a0?<\/strong><span class=\"ez-toc-section-end\"><\/span><\/h3>\n\n\n\n<ul class=\"wp-block-list\">\n<li>Les billets pour les Jeux Olympiques de Paris 2024 sont disponibles \u00e0 l&rsquo;achat sur le <a href=\"https:\/\/tickets.paris2024.org\/\">site officiel de Paris 2024<\/a> ou aupr\u00e8s des revendeurs de billets autoris\u00e9s.<\/li>\n<\/ul>\n\n\n\n<ul class=\"wp-block-list\">\n<li>Une gamme de prix de billets a \u00e9t\u00e9 mise \u00e0 disposition pour assurer l&rsquo;accessibilit\u00e9 \u00e0 divers publics, y compris des forfaits et des billets pour \u00e9v\u00e9nements uniques.<\/li>\n<\/ul>\n\n\n\n<div style=\"height:25px\" aria-hidden=\"true\" class=\"wp-block-spacer\"><\/div>\n\n\n\n<h3 class=\"wp-block-heading\"><span class=\"ez-toc-section\" id=\"Ressources_de_statistiques_de_voyage_en_France\"><\/span>Ressources de statistiques de voyage en France<span class=\"ez-toc-section-end\"><\/span><\/h3>\n\n\n\n<ul class=\"wp-block-list\">\n<li><a href=\"https:\/\/roadgenius.com\/fr\/france\/\">Statistiques de la France<\/a><\/li>\n\n\n\n<li><a href=\"https:\/\/roadgenius.com\/fr\/statistics\/tourism\/france\/paris\/\" data-type=\"link\" data-id=\"https:\/\/roadgenius.com\/fr\/statistics\/tourism\/france\/paris\/\">Statistiques de Paris<\/a><\/li>\n<\/ul>\n\n\n\n<div style=\"height:100px\" aria-hidden=\"true\" class=\"wp-block-spacer\"><\/div>\n\n\n\n<hr class=\"wp-block-separator has-alpha-channel-opacity\"\/>\n\n\n\n<h4 class=\"wp-block-heading\" id=\"references-fr\"><strong>References<\/strong><\/h4>\n\n\n<ol class=\"wp-block-footnotes\"><li id=\"c21b3cea-199c-4382-b120-765625d48e9a\"><a href=\"https:\/\/olympics.com\/en\/paris-2024\/the-games\/olympic-paralympic-games\/olympic-games\">IOC<\/a>: Paris 2024 &#8211; Olympic Torch Relay Route, Commitments, Spectators, Schedule, &amp; Ticketing <a href=\"#c21b3cea-199c-4382-b120-765625d48e9a-link\" aria-label=\"Aller \u00e0 la note de bas de page 1\">\u21a9\ufe0e<\/a><\/li><li id=\"5126e2d3-88ab-4dc3-ba9b-ff7a48e0b806\"><a href=\"https:\/\/www.chinadaily.com.cn\/a\/202404\/10\/WS66158949a31082fc043c10c3.html\">CD<\/a>: Paris 2024 Organizing Committee Ticket Report <a href=\"#5126e2d3-88ab-4dc3-ba9b-ff7a48e0b806-link\" aria-label=\"Aller \u00e0 la note de bas de page 2\">\u21a9\ufe0e<\/a><\/li><\/ol>","protected":false},"excerpt":{"rendered":"<p>Les Jeux Olympiques d&rsquo;\u00e9t\u00e9 de 2024 marquent le 100e anniversaire de la derni\u00e8re fois que Paris a accueilli les Jeux Olympiques, en 1924. Symbole de la boucle boucl\u00e9e, Paris sera l&rsquo;une des rares villes \u00e0 accueillir les Jeux Olympiques pour la troisi\u00e8me fois, puisqu&rsquo;elle les a accueillis pour la premi\u00e8re fois en 1900. Combien\u00a0de\u00a0pays\u00a0participeront\u00a0aux\u00a0Jeux\u00a0Olympiques\u00a0de\u00a0Paris\u00a02024\u00a0? Quel [&hellip;]<\/p>\n","protected":false},"author":2,"featured_media":0,"parent":10009,"menu_order":0,"comment_status":"closed","ping_status":"closed","template":"","meta":{"_seopress_robots_primary_cat":"","_seopress_titles_title":"Infos touristiques pour les JO de Paris 2024 - Statistiques","_seopress_titles_desc":"Le relais de la flamme commencera le 16 avril 2024 et partira de l'ancienne cit\u00e9 d'Olympie, en Gr\u00e8ce.","_seopress_robots_index":"","footnotes":"[{\"content\":\"<a href=\\\"https:\/\/olympics.com\/en\/paris-2024\/the-games\/olympic-paralympic-games\/olympic-games\\\">IOC<\/a>: Paris 2024 - Olympic Torch Relay Route, Commitments, Spectators, Schedule, &amp; Ticketing\",\"id\":\"c21b3cea-199c-4382-b120-765625d48e9a\"},{\"content\":\"<a href=\\\"https:\/\/www.chinadaily.com.cn\/a\/202404\/10\/WS66158949a31082fc043c10c3.html\\\">CD<\/a>: Paris 2024 Organizing Committee Ticket Report\",\"id\":\"5126e2d3-88ab-4dc3-ba9b-ff7a48e0b806\"}]"},"class_list":["post-10523","page","type-page","status-publish","hentry"],"acf":[],"_links":{"self":[{"href":"https:\/\/roadgenius.com\/fr\/wp-json\/wp\/v2\/pages\/10523","targetHints":{"allow":["GET"]}}],"collection":[{"href":"https:\/\/roadgenius.com\/fr\/wp-json\/wp\/v2\/pages"}],"about":[{"href":"https:\/\/roadgenius.com\/fr\/wp-json\/wp\/v2\/types\/page"}],"author":[{"embeddable":true,"href":"https:\/\/roadgenius.com\/fr\/wp-json\/wp\/v2\/users\/2"}],"replies":[{"embeddable":true,"href":"https:\/\/roadgenius.com\/fr\/wp-json\/wp\/v2\/comments?post=10523"}],"version-history":[{"count":7,"href":"https:\/\/roadgenius.com\/fr\/wp-json\/wp\/v2\/pages\/10523\/revisions"}],"predecessor-version":[{"id":11206,"href":"https:\/\/roadgenius.com\/fr\/wp-json\/wp\/v2\/pages\/10523\/revisions\/11206"}],"up":[{"embeddable":true,"href":"https:\/\/roadgenius.com\/fr\/wp-json\/wp\/v2\/pages\/10009"}],"wp:attachment":[{"href":"https:\/\/roadgenius.com\/fr\/wp-json\/wp\/v2\/media?parent=10523"}],"curies":[{"name":"wp","href":"https:\/\/api.w.org\/{rel}","templated":true}]}}